{"id":9,"date":"2019-08-15T16:46:46","date_gmt":"2019-08-15T16:46:46","guid":{"rendered":"http:\/\/timothyseier.com\/?page_id=9"},"modified":"2020-06-24T13:55:53","modified_gmt":"2020-06-24T18:55:53","slug":"home","status":"publish","type":"page","link":"http:\/\/timothyseier.com\/","title":{"rendered":"Home"},"content":{"rendered":"\n<p>Timothy Seier<a href=\"https:\/\/www.facebook.com\/timothyseiermusic\/\" target=\"_blank\" rel=\"noopener noreferrer\"><i><!--facebook--><\/i><\/a><a href=\"https:\/\/www.instagram.com\/timothyseier\/\" target=\"_blank\" rel=\"noopener noreferrer\"> <i><!--instagram--><\/i><\/a><\/p>\nBioBooking\/ContactLessons\/Cours\n<p>Timothy Seier was born and raised in Winnipeg, Manitoba, Canada where he studied jazz guitar at the University of Manitoba\u2019s Marcel Desautels School of Music. After completing his studies, Timothy studied with Peter Bernstein and Miles Okazaki in New York City. Later that year he moved to Berlin, Germany, where he established himself in the European jazz and rock communities, performing with The Baseballs, Berlin 21, among others. Now based in Montreal, Timothy leads his own trio and quartet while participating in other music projects.<\/p>\n<p>Timothy Seier est n\u00e9 et a grandi \u00e0 Winnipeg, Manitoba (Canada) o\u00f9 il a \u00e9tudi\u00e9 la guitare jazz \u00e0 la facult\u00e9 de musique Marcel A. Desautels \u00e0 l\u2019universit\u00e9 de Manitoba. Apr\u00e8s avoir fini ses \u00e9tudes en 2015, Timothy a \u00e9tudi\u00e9 avec Miles Okazaki et Peter Bernstein \u00e0 New York City. Plus tard il est d\u00e9m\u00e9nag\u00e9 \u00e0 Berlin o\u00f9 il s\u2019est \u00e9tabli dans les communaut\u00e9s de jazz et de rock en Europe, en jouant avec The Baseballs, Berlin 21, et autres. Maintenant s\u2019\u00e9tablissant \u00e0 Montr\u00e9al, Timothy m\u00e8ne son propre trio et faire partie des autres projets musical.<\/p>\n\t\t<h5>Modal Popup &#8211; ID <\/h5>\n\t\tClick here to edit the &#8220;Modal Popup&#8221; settings. This text will not be visible on frontend.\t\n\t\t\t<div role=\"form\" class=\"wpcf7\" id=\"wpcf7-f126-o1\" lang=\"en-US\" dir=\"ltr\">\n<div class=\"screen-reader-response\"><\/div>\n<form action=\"\/index.php\/wp-json\/wp\/v2\/pages\/9#wpcf7-f126-o1\" method=\"post\" class=\"wpcf7-form\" novalidate=\"novalidate\">\n<div style=\"display: none;\">\n<input type=\"hidden\" name=\"_wpcf7\" value=\"126\" \/>\n<input type=\"hidden\" name=\"_wpcf7_version\" value=\"5.1.4\" \/>\n<input type=\"hidden\" name=\"_wpcf7_locale\" value=\"en_US\" \/>\n<input type=\"hidden\" name=\"_wpcf7_unit_tag\" value=\"wpcf7-f126-o1\" \/>\n<input type=\"hidden\" name=\"_wpcf7_container_post\" value=\"0\" \/>\n<input type=\"hidden\" name=\"g-recaptcha-response\" value=\"\" \/>\n<\/div>\n<p><label> Your Name \/ Nom (required)<br \/>\n    <span class=\"wpcf7-form-control-wrap your-name\"><input type=\"text\" name=\"your-name\" value=\"\" size=\"40\" class=\"wpcf7-form-control wpcf7-text wpcf7-validates-as-required\" aria-required=\"true\" aria-invalid=\"false\" \/><\/span> <\/label><\/p>\n<p><label> Your Email \/ Couriel (required)<br \/>\n    <span class=\"wpcf7-form-control-wrap your-email\"><input type=\"email\" name=\"your-email\" value=\"\" size=\"40\" class=\"wpcf7-form-control wpcf7-text wpcf7-email wpcf7-validates-as-required wpcf7-validates-as-email\" aria-required=\"true\" aria-invalid=\"false\" \/><\/span> <\/label><\/p>\n<p><label> Subject \/ Objet<br \/>\n    <span class=\"wpcf7-form-control-wrap your-subject\"><input type=\"text\" name=\"your-subject\" value=\"\" size=\"40\" class=\"wpcf7-form-control wpcf7-text\" aria-invalid=\"false\" \/><\/span> <\/label><\/p>\n<p><label> Your Message \/ Message<br \/>\n    <span class=\"wpcf7-form-control-wrap your-message\"><textarea name=\"your-message\" cols=\"40\" rows=\"10\" class=\"wpcf7-form-control wpcf7-textarea\" aria-invalid=\"false\"><\/textarea><\/span> <\/label><\/p>\n<span class=\"wpcf7-form-control-wrap recaptcha\" data-name=\"recaptcha\"><span data-sitekey=\"6Lfssg0UAAAAAPEAW_edwmijpU16I_MFoU02XXFq\" class=\"wpcf7-form-control g-recaptcha wpcf7-recaptcha\"><\/span>\r\n<noscript>\r\n\t<div class=\"grecaptcha-noscript\">\r\n\t\t<iframe loading=\"lazy\" src=\"https:\/\/www.google.com\/recaptcha\/api\/fallback?k=6Lfssg0UAAAAAPEAW_edwmijpU16I_MFoU02XXFq\" frameborder=\"0\" scrolling=\"no\" width=\"310\" height=\"430\">\r\n\t\t<\/iframe>\r\n\t\t<textarea name=\"g-recaptcha-response\" rows=\"3\" cols=\"40\" placeholder=\"reCaptcha Response Here\">\r\n\t\t<\/textarea>\r\n\t<\/div>\r\n<\/noscript>\r\n<\/span>\n<p><input type=\"submit\" value=\"Send \/ Envoyer\" class=\"wpcf7-form-control wpcf7-submit\" \/><\/p>\n<div class=\"wpcf7-response-output wpcf7-display-none\"><\/div><\/form><\/div>\n\t\t<h5>Modal Popup &#8211; ID <\/h5>\n\t\tClick here to edit the &#8220;Modal Popup&#8221; settings. This text will not be visible on frontend.\t\n<p>Timothy holds a Bachelor of Jazz Performance from the University of Manitoba, and has studied with Miles Okazaki, author of \u201cFundamentals Of Guitar\u201d (Mel Bay 21015), a cutting edge approach to learning the essentials of the guitar. Timothy bases his method in part on Okazaki\u2019s system. Students will learn improvisation, ear training, music theory, and creative exploration on the guitar. Working with popular music based on individual interests, students will also engage with standard music notation. For older students who are looking for an increased understanding of music theory and for whom standard notation is intimidating, Timothy has a system for bypassing staff notation, instead relating each concept back to a creative and practical use on the guitar. Timothy is equipped to teach all ages and skill levels.<\/p>\n<p>Timothy a obtenue un baccalaur\u00e9at d\u2019\u00e9tudes de jazz de l\u2019universit\u00e9 de Manitoba et a \u00e9tudi\u00e9 avec Miles Okazaki auteur de Fundamentals Of Guitar (Mel Bay 2015), une avant-garde m\u00e9thode d\u2019apprendre les essentiels de la guitare. Timothy base sa m\u00e9thode en partie sur le syst\u00e8me de Okazaki. Les \u00e9tudiants apprendront l\u2019improvisation, formation d\u2019oreille, la th\u00e9orie et l\u2019exploration cr\u00e9ative sur la guitare. En travaillant avec la musique d\u2019aujourd\u2019hui choisi par leurs int\u00e9r\u00eats individuels, les \u00e9tudiants s\u2019engageront avec la notation de la musique standard. Pour les \u00e9tudiants plus \u00e2g\u00e9s qui cherchent une meilleure connaissance de la th\u00e9orie de musique, mais pour qui la notation de la musique standard est intimidant, Timothy a une m\u00e9thode pour contourner la notation du staff et en place fait la relation du chacun des concepts \u00e0 un cr\u00e9atif usage pratique sur la guitare. Timothy est pr\u00e9par\u00e9 \u00e0 enseigner tous les \u00e2ges de toutes niveaux en fran\u00e7ais et anglais.<\/p>\n\t\t<h5>Modal Popup &#8211; ID <\/h5>\n\t\tClick here to edit the &#8220;Modal Popup&#8221; settings. This text will not be visible on frontend.\t\n","protected":false},"excerpt":{"rendered":"<p>Timothy Seier BioBooking\/ContactLessons\/Cours Timothy Seier was born and raised in Winnipeg, Manitoba, Canada where he studied jazz guitar at the University of Manitoba\u2019s Marcel Desautels School of Music. After completing his studies, Timothy studied with Peter Bernstein and Miles Okazaki in New York City. Later that year he moved to Berlin, Germany, where he established [&hellip;]<\/p>\n","protected":false},"author":2,"featured_media":0,"parent":0,"menu_order":0,"comment_status":"closed","ping_status":"closed","template":"","meta":{"site-sidebar-layout":"no-sidebar","site-content-layout":"page-builder","ast-site-content-layout":"","site-content-style":"default","site-sidebar-style":"default","ast-global-header-display":"","ast-banner-title-visibility":"","ast-main-header-display":"disabled","ast-hfb-above-header-display":"","ast-hfb-below-header-display":"","ast-hfb-mobile-header-display":"","site-post-title":"disabled","ast-breadcrumbs-content":"","ast-featured-img":"disabled","footer-sml-layout":"disabled","theme-transparent-header-meta":"default","adv-header-id-meta":"","stick-header-meta":"","header-above-stick-meta":"","header-main-stick-meta":"","header-below-stick-meta":"","astra-migrate-meta-layouts":"default","ast-page-background-enabled":"default","ast-page-background-meta":{"desktop":{"background-color":"var(--ast-global-color-4)","background-image":"","background-repeat":"repeat","background-position":"center center","background-size":"auto","background-attachment":"scroll","background-type":"","background-media":"","overlay-type":"","overlay-color":"","overlay-gradient":""},"tablet":{"background-color":"","background-image":"","background-repeat":"repeat","background-position":"center center","background-size":"auto","background-attachment":"scroll","background-type":"","background-media":"","overlay-type":"","overlay-color":"","overlay-gradient":""},"mobile":{"background-color":"","background-image":"","background-repeat":"repeat","background-position":"center center","background-size":"auto","background-attachment":"scroll","background-type":"","background-media":"","overlay-type":"","overlay-color":"","overlay-gradient":""}},"ast-content-background-meta":{"desktop":{"background-color":"var(--ast-global-color-5)","background-image":"","background-repeat":"repeat","background-position":"center center","background-size":"auto","background-attachment":"scroll","background-type":"","background-media":"","overlay-type":"","overlay-color":"","overlay-gradient":""},"tablet":{"background-color":"var(--ast-global-color-5)","background-image":"","background-repeat":"repeat","background-position":"center center","background-size":"auto","background-attachment":"scroll","background-type":"","background-media":"","overlay-type":"","overlay-color":"","overlay-gradient":""},"mobile":{"background-color":"var(--ast-global-color-5)","background-image":"","background-repeat":"repeat","background-position":"center center","background-size":"auto","background-attachment":"scroll","background-type":"","background-media":"","overlay-type":"","overlay-color":"","overlay-gradient":""}},"footnotes":""},"_links":{"self":[{"href":"http:\/\/timothyseier.com\/index.php\/wp-json\/wp\/v2\/pages\/9"}],"collection":[{"href":"http:\/\/timothyseier.com\/index.php\/wp-json\/wp\/v2\/pages"}],"about":[{"href":"http:\/\/timothyseier.com\/index.php\/wp-json\/wp\/v2\/types\/page"}],"author":[{"embeddable":true,"href":"http:\/\/timothyseier.com\/index.php\/wp-json\/wp\/v2\/users\/2"}],"replies":[{"embeddable":true,"href":"http:\/\/timothyseier.com\/index.php\/wp-json\/wp\/v2\/comments?post=9"}],"version-history":[{"count":121,"href":"http:\/\/timothyseier.com\/index.php\/wp-json\/wp\/v2\/pages\/9\/revisions"}],"predecessor-version":[{"id":188,"href":"http:\/\/timothyseier.com\/index.php\/wp-json\/wp\/v2\/pages\/9\/revisions\/188"}],"wp:attachment":[{"href":"http:\/\/timothyseier.com\/index.php\/wp-json\/wp\/v2\/media?parent=9"}],"curies":[{"name":"wp","href":"https:\/\/api.w.org\/{rel}","templated":true}]}}